{"id":5944,"date":"2025-01-13T10:06:53","date_gmt":"2025-01-13T10:06:53","guid":{"rendered":"https:\/\/wp.hslabtech.com\/registrering-av-studenter\/"},"modified":"2025-07-07T07:08:14","modified_gmt":"2025-07-07T07:08:14","slug":"registrering-av-studenter","status":"publish","type":"page","link":"https:\/\/wp.hslabtech.com\/sv\/registrering-av-studenter\/","title":{"rendered":"Registrering av studenter"},"content":{"rendered":"\t\t<div data-elementor-type=\"wp-page\" data-elementor-id=\"5944\" class=\"elementor elementor-5944 elementor-908\" data-elementor-post-type=\"page\">\n\t\t\t\t\t\t<section class=\"elementor-section elementor-top-section elementor-element elementor-element-2ab98d1b elementor-section-boxed elementor-section-height-default elementor-section-height-default\" data-id=\"2ab98d1b\" data-element_type=\"section\">\n\t\t\t\t\t\t<div class=\"elementor-container elementor-column-gap-default\">\n\t\t\t\t\t<div class=\"elementor-column elementor-col-100 elementor-top-column elementor-element elementor-element-5aa9265f\" data-id=\"5aa9265f\" data-element_type=\"column\">\n\t\t\t<div class=\"elementor-widget-wrap elementor-element-populated\">\n\t\t\t\t\t\t<div class=\"elementor-element elementor-element-7a35851 elementor-widget elementor-widget-shortcode\" data-id=\"7a35851\" data-element_type=\"widget\" data-widget_type=\"shortcode.default\">\n\t\t\t\t<div class=\"elementor-widget-container\">\n\t\t\t\t\t\t\t<div class=\"elementor-shortcode\">\n\n\t<div id=\"tutor-registration-wrap\">\n\n\t\t\n\t\t<form method=\"post\" enctype=\"multipart\/form-data\" id=\"tutor-registration-form\">\n\t\t\t<input type=\"hidden\" name=\"tutor_course_enroll_attempt\" value=\"\">\n\t\t\t\n\t\t\t<input type=\"hidden\" id=\"_tutor_nonce\" name=\"_tutor_nonce\" value=\"ae5dff3530\" \/><input type=\"hidden\" name=\"_wp_http_referer\" value=\"\/sv\/wp-json\/wp\/v2\/pages\/5944\" \/>\t\t\t<input type=\"hidden\" value=\"tutor_register_student\" name=\"tutor_action\"\/>\n\n\t\t\t\n\t\t\t<div class=\"tutor-form-row\">\n\t\t\t\t<div class=\"tutor-form-col-6\">\n\t\t\t\t\t<div class=\"tutor-form-group\">\n\t\t\t\t\t\t<label>\n\t\t\t\t\t\t\tF\u00f6rnamn\t\t\t\t\t\t<\/label>\n\n\t\t\t\t\t\t<input type=\"text\" name=\"first_name\" value=\"\" placeholder=\"F\u00f6rnamn\" required autocomplete=\"given-name\">\n\t\t\t\t\t<\/div>\n\t\t\t\t<\/div>\n\n\t\t\t\t<div class=\"tutor-form-col-6\">\n\t\t\t\t\t<div class=\"tutor-form-group\">\n\t\t\t\t\t\t<label>\n\t\t\t\t\t\t\tEfternamn\t\t\t\t\t\t<\/label>\n\n\t\t\t\t\t\t<input type=\"text\" name=\"last_name\" value=\"\" placeholder=\"Efternamn\" required autocomplete=\"family-name\">\n\t\t\t\t\t<\/div>\n\t\t\t\t<\/div>\n\n\t\t\t<\/div>\n\n\t\t\t<div class=\"tutor-form-row\">\n\t\t\t\t<div class=\"tutor-form-col-6\">\n\t\t\t\t\t<div class=\"tutor-form-group\">\n\t\t\t\t\t\t<label>\n\t\t\t\t\t\t\tAnv\u00e4ndarnamn\t\t\t\t\t\t<\/label>\n\n\t\t\t\t\t\t<input type=\"text\" name=\"user_login\" class=\"tutor_user_name\" value=\"\" placeholder=\"Anv\u00e4ndarnamn\" required autocomplete=\"username\">\n\t\t\t\t\t<\/div>\n\t\t\t\t<\/div>\n\n\t\t\t\t<div class=\"tutor-form-col-6\">\n\t\t\t\t\t<div class=\"tutor-form-group\">\n\t\t\t\t\t\t<label>\n\t\t\t\t\t\t\tE-post\t\t\t\t\t\t<\/label>\n\n\t\t\t\t\t\t<input type=\"text\" name=\"email\" value=\"\" placeholder=\"E-post\" required autocomplete=\"email\">\n\t\t\t\t\t<\/div>\n\t\t\t\t<\/div>\n\n\t\t\t<\/div>\n\n\t\t\t<div class=\"tutor-form-row\">\n\t\t\t\t<div class=\"tutor-form-col-6\">\n\t\t\t\t\t<div class=\"tutor-form-group\">\n\t\t\t\t\t\t<div class=\"tutor-password-strength-checker\">\n\t\t\t\t\t\t\t<div class=\"tutor-password-field\">\n\t\t\t\t\t\t\t\t<label>\n\t\t\t\t\t\t\t\t\tL\u00f6senord\t\t\t\t\t\t\t\t<\/label>\n\n\t\t\t\t\t\t\t\t<input class=\"password-checker\" id=\"tutor-new-password\" type=\"password\" name=\"password\" value=\"\" placeholder=\"L\u00f6senord\" required autocomplete=\"new-password\" style=\"margin-bottom: 0;\">\n\t\t\t\t\t\t\t\t<span class=\"show-hide-btn\"><\/span>\n\t\t\t\t\t\t\t<\/div>\n\n\t\t\t\t\t\t\t<div class=\"tutor-password-strength-hint\">\n\t\t\t\t\t\t\t\t<div class=\"indicator\">\n\t\t\t\t\t\t\t\t\t<span class=\"weak\"><\/span>\n\t\t\t\t\t\t\t\t\t<span class=\"medium\"><\/span>\n\t\t\t\t\t\t\t\t\t<span class=\"strong\"><\/span>\n\t\t\t\t\t\t\t\t<\/div>\n\t\t\t\t\t\t\t\t<div class=\"text tutor-fs-7 tutor-color-muted\"><\/div>\n\t\t\t\t\t\t\t<\/div>\n\t\t\t\t\t\t<\/div>\n\t\t\t\t\t<\/div>\n\t\t\t\t<\/div>\n\n\t\t\t\t<div class=\"tutor-form-col-6\">\n\t\t\t\t\t<div class=\"tutor-form-group\">\n\t\t\t\t\t\t<label>\n\t\t\t\t\t\t\tL\u00f6senordsbekr\u00e4ftelse\t\t\t\t\t\t<\/label>\n\n\t\t\t\t\t\t<div class=\"tutor-form-wrap\">\n\t\t\t\t\t\t\t<span class=\"tutor-validation-icon tutor-icon-mark tutor-color-success tutor-form-icon tutor-form-icon-reverse\" style=\"display: none;\"><\/span>\n\t\t\t\t\t\t\t<input type=\"password\" name=\"password_confirmation\" value=\"\" placeholder=\"L\u00f6senordsbekr\u00e4ftelse\" required autocomplete=\"new-password\" style=\"margin-bottom: 0;\">\n\t\t\t\t\t\t<\/div>\n\t\t\t\t\t<\/div>\n\t\t\t\t<\/div>\n\t\t\t<\/div>\n\n\n\t\t\t<div class=\"tutor-form-row\">\n\t\t\t\t<div class=\"tutor-form-col-12\">\n\t\t\t\t\t<div class=\"tutor-form-group\">\n\t\t\t\t\t\t\t\t\t\t<\/div>\n\t\t\t\t<\/div>\n\t\t\t<\/div>    \n\n\t\t\t\n\t\t\t\t\t\t\n\t\t\t<div>\n\t\t\t\t<button type=\"submit\" name=\"tutor_register_student_btn\" value=\"register\" class=\"tutor-btn tutor-btn-primary tutor-btn-block\">Registrera<\/button>\n\t\t\t<\/div>\n\t\t\t\t\t\t\n\t\t<\/form>\n\t\t\t\t<style>\n\t\t\t#tutor-pro-twitter-login {\n\t\t\t\twidth: 400px; background-color: #00acee; border-color: #00acee; font-weight: bold;\n\t\t\t}\n\t\t<\/style>\n\t\t<div id=\"tutor-pro-social-authentication\" class=\"tutor-pt-24 tutor-d-flex tutor-flex-column tutor-align-center tutor-border-top-light\" style=\"gap: 10px;\">\n\t\t\t\t\t<\/div>\n\t\t\t\t\n\t<\/div>\n\t<\/div>\n\t\t\t\t\t\t<\/div>\n\t\t\t\t<\/div>\n\t\t\t\t\t<\/div>\n\t\t<\/div>\n\t\t\t\t\t<\/div>\n\t\t<\/section>\n\t\t\t\t<\/div>\n\t\t","protected":false},"excerpt":{"rendered":"","protected":false},"author":1,"featured_media":0,"parent":0,"menu_order":0,"comment_status":"closed","ping_status":"closed","template":"","meta":{"_acf_changed":false,"footnotes":""},"class_list":["post-5944","page","type-page","status-publish","hentry"],"acf":[],"yoast_head":"<!-- This site is optimized with the Yoast SEO plugin v25.8 - https:\/\/yoast.com\/wordpress\/plugins\/seo\/ -->\n<title>Studentregistrering -Arbetsplatsstrateg<\/title>\n<meta name=\"description\" content=\"Anm\u00e4l dig till certifieringen Workplace Strategist. Registrera dig nu f\u00f6r att b\u00f6rja l\u00e4ra dig mer och utveckla din karri\u00e4r inom arbetsplatsstrategi!\" \/>\n<meta name=\"robots\" content=\"noindex, follow, max-snippet:-1, max-image-preview:large, max-video-preview:-1\" \/>\n<meta property=\"og:locale\" content=\"sv_SE\" \/>\n<meta property=\"og:type\" content=\"article\" \/>\n<meta property=\"og:title\" content=\"Studentregistrering -Arbetsplatsstrateg\" \/>\n<meta property=\"og:description\" content=\"Anm\u00e4l dig till certifieringen Workplace Strategist. Registrera dig nu f\u00f6r att b\u00f6rja l\u00e4ra dig mer och utveckla din karri\u00e4r inom arbetsplatsstrategi!\" \/>\n<meta property=\"og:url\" content=\"https:\/\/wp.hslabtech.com\/sv\/registrering-av-studenter\/\" \/>\n<meta property=\"og:site_name\" content=\"Workplacestrategist\" \/>\n<meta property=\"article:modified_time\" content=\"2025-07-07T07:08:14+00:00\" \/>\n<meta name=\"twitter:card\" content=\"summary_large_image\" \/>\n<script type=\"application\/ld+json\" class=\"yoast-schema-graph\">{\"@context\":\"https:\/\/schema.org\",\"@graph\":[{\"@type\":\"WebPage\",\"@id\":\"https:\/\/wp.hslabtech.com\/sv\/registrering-av-studenter\/\",\"url\":\"https:\/\/wp.hslabtech.com\/sv\/registrering-av-studenter\/\",\"name\":\"Studentregistrering -Arbetsplatsstrateg\",\"isPartOf\":{\"@id\":\"https:\/\/wp.hslabtech.com\/sv\/#website\"},\"datePublished\":\"2025-01-13T10:06:53+00:00\",\"dateModified\":\"2025-07-07T07:08:14+00:00\",\"description\":\"Anm\u00e4l dig till certifieringen Workplace Strategist. Registrera dig nu f\u00f6r att b\u00f6rja l\u00e4ra dig mer och utveckla din karri\u00e4r inom arbetsplatsstrategi!\",\"breadcrumb\":{\"@id\":\"https:\/\/wp.hslabtech.com\/sv\/registrering-av-studenter\/#breadcrumb\"},\"inLanguage\":\"sv-SE\",\"potentialAction\":[{\"@type\":\"ReadAction\",\"target\":[\"https:\/\/wp.hslabtech.com\/sv\/registrering-av-studenter\/\"]}]},{\"@type\":\"BreadcrumbList\",\"@id\":\"https:\/\/wp.hslabtech.com\/sv\/registrering-av-studenter\/#breadcrumb\",\"itemListElement\":[{\"@type\":\"ListItem\",\"position\":1,\"name\":\"Home\",\"item\":\"https:\/\/wp.hslabtech.com\/sv\/hem\/\"},{\"@type\":\"ListItem\",\"position\":2,\"name\":\"Registrering av studenter\"}]},{\"@type\":\"WebSite\",\"@id\":\"https:\/\/wp.hslabtech.com\/sv\/#website\",\"url\":\"https:\/\/wp.hslabtech.com\/sv\/\",\"name\":\"Workplacestrategist\",\"description\":\"\",\"publisher\":{\"@id\":\"https:\/\/wp.hslabtech.com\/sv\/#organization\"},\"potentialAction\":[{\"@type\":\"SearchAction\",\"target\":{\"@type\":\"EntryPoint\",\"urlTemplate\":\"https:\/\/wp.hslabtech.com\/sv\/?s={search_term_string}\"},\"query-input\":{\"@type\":\"PropertyValueSpecification\",\"valueRequired\":true,\"valueName\":\"search_term_string\"}}],\"inLanguage\":\"sv-SE\"},{\"@type\":\"Organization\",\"@id\":\"https:\/\/wp.hslabtech.com\/sv\/#organization\",\"name\":\"Workplacestrategist\",\"url\":\"https:\/\/wp.hslabtech.com\/sv\/\",\"logo\":{\"@type\":\"ImageObject\",\"inLanguage\":\"sv-SE\",\"@id\":\"https:\/\/wp.hslabtech.com\/sv\/#\/schema\/logo\/image\/\",\"url\":\"https:\/\/wp.hslabtech.com\/wp-content\/uploads\/2023\/12\/Workplace-Strategist.png\",\"contentUrl\":\"https:\/\/wp.hslabtech.com\/wp-content\/uploads\/2023\/12\/Workplace-Strategist.png\",\"width\":382,\"height\":38,\"caption\":\"Workplacestrategist\"},\"image\":{\"@id\":\"https:\/\/wp.hslabtech.com\/sv\/#\/schema\/logo\/image\/\"}}]}<\/script>\n<!-- \/ Yoast SEO plugin. -->","yoast_head_json":{"title":"Studentregistrering -Arbetsplatsstrateg","description":"Anm\u00e4l dig till certifieringen Workplace Strategist. Registrera dig nu f\u00f6r att b\u00f6rja l\u00e4ra dig mer och utveckla din karri\u00e4r inom arbetsplatsstrategi!","robots":{"index":"noindex","follow":"follow","max-snippet":"max-snippet:-1","max-image-preview":"max-image-preview:large","max-video-preview":"max-video-preview:-1"},"og_locale":"sv_SE","og_type":"article","og_title":"Studentregistrering -Arbetsplatsstrateg","og_description":"Anm\u00e4l dig till certifieringen Workplace Strategist. Registrera dig nu f\u00f6r att b\u00f6rja l\u00e4ra dig mer och utveckla din karri\u00e4r inom arbetsplatsstrategi!","og_url":"https:\/\/wp.hslabtech.com\/sv\/registrering-av-studenter\/","og_site_name":"Workplacestrategist","article_modified_time":"2025-07-07T07:08:14+00:00","twitter_card":"summary_large_image","schema":{"@context":"https:\/\/schema.org","@graph":[{"@type":"WebPage","@id":"https:\/\/wp.hslabtech.com\/sv\/registrering-av-studenter\/","url":"https:\/\/wp.hslabtech.com\/sv\/registrering-av-studenter\/","name":"Studentregistrering -Arbetsplatsstrateg","isPartOf":{"@id":"https:\/\/wp.hslabtech.com\/sv\/#website"},"datePublished":"2025-01-13T10:06:53+00:00","dateModified":"2025-07-07T07:08:14+00:00","description":"Anm\u00e4l dig till certifieringen Workplace Strategist. Registrera dig nu f\u00f6r att b\u00f6rja l\u00e4ra dig mer och utveckla din karri\u00e4r inom arbetsplatsstrategi!","breadcrumb":{"@id":"https:\/\/wp.hslabtech.com\/sv\/registrering-av-studenter\/#breadcrumb"},"inLanguage":"sv-SE","potentialAction":[{"@type":"ReadAction","target":["https:\/\/wp.hslabtech.com\/sv\/registrering-av-studenter\/"]}]},{"@type":"BreadcrumbList","@id":"https:\/\/wp.hslabtech.com\/sv\/registrering-av-studenter\/#breadcrumb","itemListElement":[{"@type":"ListItem","position":1,"name":"Home","item":"https:\/\/wp.hslabtech.com\/sv\/hem\/"},{"@type":"ListItem","position":2,"name":"Registrering av studenter"}]},{"@type":"WebSite","@id":"https:\/\/wp.hslabtech.com\/sv\/#website","url":"https:\/\/wp.hslabtech.com\/sv\/","name":"Workplacestrategist","description":"","publisher":{"@id":"https:\/\/wp.hslabtech.com\/sv\/#organization"},"potentialAction":[{"@type":"SearchAction","target":{"@type":"EntryPoint","urlTemplate":"https:\/\/wp.hslabtech.com\/sv\/?s={search_term_string}"},"query-input":{"@type":"PropertyValueSpecification","valueRequired":true,"valueName":"search_term_string"}}],"inLanguage":"sv-SE"},{"@type":"Organization","@id":"https:\/\/wp.hslabtech.com\/sv\/#organization","name":"Workplacestrategist","url":"https:\/\/wp.hslabtech.com\/sv\/","logo":{"@type":"ImageObject","inLanguage":"sv-SE","@id":"https:\/\/wp.hslabtech.com\/sv\/#\/schema\/logo\/image\/","url":"https:\/\/wp.hslabtech.com\/wp-content\/uploads\/2023\/12\/Workplace-Strategist.png","contentUrl":"https:\/\/wp.hslabtech.com\/wp-content\/uploads\/2023\/12\/Workplace-Strategist.png","width":382,"height":38,"caption":"Workplacestrategist"},"image":{"@id":"https:\/\/wp.hslabtech.com\/sv\/#\/schema\/logo\/image\/"}}]}},"post_mailing_queue_ids":[],"_links":{"self":[{"href":"https:\/\/wp.hslabtech.com\/sv\/wp-json\/wp\/v2\/pages\/5944","targetHints":{"allow":["GET"]}}],"collection":[{"href":"https:\/\/wp.hslabtech.com\/sv\/wp-json\/wp\/v2\/pages"}],"about":[{"href":"https:\/\/wp.hslabtech.com\/sv\/wp-json\/wp\/v2\/types\/page"}],"author":[{"embeddable":true,"href":"https:\/\/wp.hslabtech.com\/sv\/wp-json\/wp\/v2\/users\/1"}],"replies":[{"embeddable":true,"href":"https:\/\/wp.hslabtech.com\/sv\/wp-json\/wp\/v2\/comments?post=5944"}],"version-history":[{"count":1,"href":"https:\/\/wp.hslabtech.com\/sv\/wp-json\/wp\/v2\/pages\/5944\/revisions"}],"predecessor-version":[{"id":5945,"href":"https:\/\/wp.hslabtech.com\/sv\/wp-json\/wp\/v2\/pages\/5944\/revisions\/5945"}],"wp:attachment":[{"href":"https:\/\/wp.hslabtech.com\/sv\/wp-json\/wp\/v2\/media?parent=5944"}],"curies":[{"name":"wp","href":"https:\/\/api.w.org\/{rel}","templated":true}]}}